{"id":13492,"date":"2025-07-30T21:03:53","date_gmt":"2025-07-31T00:03:53","guid":{"rendered":"https:\/\/tecnologiadegraficadigital2.faud.unsj.edu.ar\/?page_id=13492"},"modified":"2025-08-01T11:07:57","modified_gmt":"2025-08-01T14:07:57","slug":"taller-de-ia","status":"publish","type":"page","link":"https:\/\/tecnologiadegraficadigital2.faud.unsj.edu.ar\/?page_id=13492","title":{"rendered":"Taller de IA"},"content":{"rendered":"\t\t<div data-elementor-type=\"wp-page\" data-elementor-id=\"13492\" class=\"elementor elementor-13492\">\n\t\t\t\t\t\t<section class=\"elementor-section elementor-top-section elementor-element elementor-element-aee4943 elementor-section-boxed elementor-section-height-default elementor-section-height-default\" data-id=\"aee4943\" data-element_type=\"section\" data-e-type=\"section\">\n\t\t\t\t\t\t<div class=\"elementor-container elementor-column-gap-default\">\n\t\t\t\t\t<div class=\"elementor-column elementor-col-100 elementor-top-column elementor-element elementor-element-bedc726\" data-id=\"bedc726\" data-element_type=\"column\" data-e-type=\"column\">\n\t\t\t<div class=\"elementor-widget-wrap elementor-element-populated\">\n\t\t\t\t\t\t<div class=\"elementor-element elementor-element-685e42d elementor-widget elementor-widget-text-editor\" data-id=\"685e42d\" data-element_type=\"widget\" data-e-type=\"widget\" data-widget_type=\"text-editor.default\">\n\t\t\t\t<div class=\"elementor-widget-container\">\n\t\t\t\t\t\t\t\t\t<p><span style=\"color: #000000;\">Como actividad de cierre de la asignatura, desde el a\u00f1o 2023 llevamos a cabo un Taller de Experimentaci\u00f3n con Inteligencia Artificial. En esta instancia, cada estudiante parte de una producci\u00f3n previa \u2014realizada sin el uso de IA\u2014 y elabora un prompt que le permite generar una imagen equivalente utilizando herramientas de creaci\u00f3n visual basadas en IA.<\/span><\/p>\t\t\t\t\t\t\t\t<\/div>\n\t\t\t\t<\/div>\n\t\t\t\t\t<\/div>\n\t\t<\/div>\n\t\t\t\t\t<\/div>\n\t\t<\/section>\n\t\t\t\t<section class=\"elementor-section elementor-top-section elementor-element elementor-element-b562284 elementor-section-boxed elementor-section-height-default elementor-section-height-default\" data-id=\"b562284\" data-element_type=\"section\" data-e-type=\"section\">\n\t\t\t\t\t\t<div class=\"elementor-container elementor-column-gap-default\">\n\t\t\t\t\t<div class=\"elementor-column elementor-col-100 elementor-top-column elementor-element elementor-element-a1f715e\" data-id=\"a1f715e\" data-element_type=\"column\" data-e-type=\"column\">\n\t\t\t<div class=\"elementor-widget-wrap elementor-element-populated\">\n\t\t\t\t\t\t<div class=\"elementor-element elementor-element-8013440 elementor-widget elementor-widget-text-editor\" data-id=\"8013440\" data-element_type=\"widget\" data-e-type=\"widget\" data-widget_type=\"text-editor.default\">\n\t\t\t\t<div class=\"elementor-widget-container\">\n\t\t\t\t\t\t\t\t\t<h2>a<span style=\"color: #333333;\">\u00f1o 2024<\/span><\/h2>\t\t\t\t\t\t\t\t<\/div>\n\t\t\t\t<\/div>\n\t\t\t\t\t<\/div>\n\t\t<\/div>\n\t\t\t\t\t<\/div>\n\t\t<\/section>\n\t\t\t\t<section class=\"elementor-section elementor-top-section elementor-element elementor-element-307063d elementor-section-boxed elementor-section-height-default elementor-section-height-default\" data-id=\"307063d\" data-element_type=\"section\" data-e-type=\"section\">\n\t\t\t\t\t\t<div class=\"elementor-container elementor-column-gap-default\">\n\t\t\t\t\t<div class=\"elementor-column elementor-col-33 elementor-top-column elementor-element elementor-element-cb1f8f9\" data-id=\"cb1f8f9\" data-element_type=\"column\" data-e-type=\"column\">\n\t\t\t<div class=\"elementor-widget-wrap elementor-element-populated\">\n\t\t\t\t\t\t<div class=\"elementor-element elementor-element-fb88b2d elementor-widget elementor-widget-image\" data-id=\"fb88b2d\" data-element_type=\"widget\" data-e-type=\"widget\" data-widget_type=\"image.default\">\n\t\t\t\t<div class=\"elementor-widget-container\">\n\t\t\t\t\t\t\t\t\t\t\t\t<figure class=\"wp-caption\">\n\t\t\t\t\t\t\t\t\t\t\t<a href=\"https:\/\/tecnologiadegraficadigital2.faud.unsj.edu.ar\/wp-content\/uploads\/2025\/07\/V_zquez_P_IA.png\">\n\t\t\t\t\t\t\t<img fetchpriority=\"high\" decoding=\"async\" width=\"625\" height=\"625\" src=\"https:\/\/tecnologiadegraficadigital2.faud.unsj.edu.ar\/wp-content\/uploads\/2025\/07\/V_zquez_P_IA.png\" class=\"attachment-large size-large wp-image-13504\" alt=\"\" srcset=\"https:\/\/tecnologiadegraficadigital2.faud.unsj.edu.ar\/wp-content\/uploads\/2025\/07\/V_zquez_P_IA.png 1024w, https:\/\/tecnologiadegraficadigital2.faud.unsj.edu.ar\/wp-content\/uploads\/2025\/07\/V_zquez_P_IA-300x300.png 300w, https:\/\/tecnologiadegraficadigital2.faud.unsj.edu.ar\/wp-content\/uploads\/2025\/07\/V_zquez_P_IA-150x150.png 150w, https:\/\/tecnologiadegraficadigital2.faud.unsj.edu.ar\/wp-content\/uploads\/2025\/07\/V_zquez_P_IA-768x768.png 768w, https:\/\/tecnologiadegraficadigital2.faud.unsj.edu.ar\/wp-content\/uploads\/2025\/07\/V_zquez_P_IA-624x624.png 624w, https:\/\/tecnologiadegraficadigital2.faud.unsj.edu.ar\/wp-content\/uploads\/2025\/07\/V_zquez_P_IA-180x180.png 180w, https:\/\/tecnologiadegraficadigital2.faud.unsj.edu.ar\/wp-content\/uploads\/2025\/07\/V_zquez_P_IA-60x60.png 60w\" sizes=\"(max-width: 625px) 100vw, 625px\" \/>\t\t\t\t\t\t\t\t<\/a>\n\t\t\t\t\t\t\t\t\t\t\t<figcaption class=\"widget-image-caption wp-caption-text\">Pilar V\u00e1zquez\n\nPROMT: necesito una imagen de diferentes comidas vegetarianas y veganas en una mesa dispuestas ordenadamente, deben aparecer varios platos en la misma mesa de restaurant.<\/figcaption>\n\t\t\t\t\t\t\t\t\t\t<\/figure>\n\t\t\t\t\t\t\t\t\t<\/div>\n\t\t\t\t<\/div>\n\t\t\t\t\t<\/div>\n\t\t<\/div>\n\t\t\t\t<div class=\"elementor-column elementor-col-33 elementor-top-column elementor-element elementor-element-1047e7c\" data-id=\"1047e7c\" data-element_type=\"column\" data-e-type=\"column\">\n\t\t\t<div class=\"elementor-widget-wrap elementor-element-populated\">\n\t\t\t\t\t\t<div class=\"elementor-element elementor-element-eaeacd4 elementor-widget elementor-widget-image\" data-id=\"eaeacd4\" data-element_type=\"widget\" data-e-type=\"widget\" data-widget_type=\"image.default\">\n\t\t\t\t<div class=\"elementor-widget-container\">\n\t\t\t\t\t\t\t\t\t\t\t\t<figure class=\"wp-caption\">\n\t\t\t\t\t\t\t\t\t\t\t<a href=\"https:\/\/tecnologiadegraficadigital2.faud.unsj.edu.ar\/wp-content\/uploads\/2025\/07\/AlcarazJ_IA.png\">\n\t\t\t\t\t\t\t<img decoding=\"async\" width=\"625\" height=\"625\" src=\"https:\/\/tecnologiadegraficadigital2.faud.unsj.edu.ar\/wp-content\/uploads\/2025\/07\/AlcarazJ_IA.png\" class=\"attachment-large size-large wp-image-13505\" alt=\"\" srcset=\"https:\/\/tecnologiadegraficadigital2.faud.unsj.edu.ar\/wp-content\/uploads\/2025\/07\/AlcarazJ_IA.png 1024w, https:\/\/tecnologiadegraficadigital2.faud.unsj.edu.ar\/wp-content\/uploads\/2025\/07\/AlcarazJ_IA-300x300.png 300w, https:\/\/tecnologiadegraficadigital2.faud.unsj.edu.ar\/wp-content\/uploads\/2025\/07\/AlcarazJ_IA-150x150.png 150w, https:\/\/tecnologiadegraficadigital2.faud.unsj.edu.ar\/wp-content\/uploads\/2025\/07\/AlcarazJ_IA-768x768.png 768w, https:\/\/tecnologiadegraficadigital2.faud.unsj.edu.ar\/wp-content\/uploads\/2025\/07\/AlcarazJ_IA-624x624.png 624w, https:\/\/tecnologiadegraficadigital2.faud.unsj.edu.ar\/wp-content\/uploads\/2025\/07\/AlcarazJ_IA-180x180.png 180w, https:\/\/tecnologiadegraficadigital2.faud.unsj.edu.ar\/wp-content\/uploads\/2025\/07\/AlcarazJ_IA-60x60.png 60w\" sizes=\"(max-width: 625px) 100vw, 625px\" \/>\t\t\t\t\t\t\t\t<\/a>\n\t\t\t\t\t\t\t\t\t\t\t<figcaption class=\"widget-image-caption wp-caption-text\">Alcaraz Jazmin. Prompt: linear drawing of grapes rests on a white background, accompanied by the letter \"C\" in 3d, illuminated with light from a spotlight.<\/figcaption>\n\t\t\t\t\t\t\t\t\t\t<\/figure>\n\t\t\t\t\t\t\t\t\t<\/div>\n\t\t\t\t<\/div>\n\t\t\t\t\t<\/div>\n\t\t<\/div>\n\t\t\t\t<div class=\"elementor-column elementor-col-33 elementor-top-column elementor-element elementor-element-99796c7\" data-id=\"99796c7\" data-element_type=\"column\" data-e-type=\"column\">\n\t\t\t<div class=\"elementor-widget-wrap elementor-element-populated\">\n\t\t\t\t\t\t<div class=\"elementor-element elementor-element-144e330 elementor-widget elementor-widget-image\" data-id=\"144e330\" data-element_type=\"widget\" data-e-type=\"widget\" data-widget_type=\"image.default\">\n\t\t\t\t<div class=\"elementor-widget-container\">\n\t\t\t\t\t\t\t\t\t\t\t\t<figure class=\"wp-caption\">\n\t\t\t\t\t\t\t\t\t\t\t<a href=\"https:\/\/tecnologiadegraficadigital2.faud.unsj.edu.ar\/wp-content\/uploads\/2025\/07\/un_gatito_muy_dulce_y_esponjoso__acostadito_en_un_sill_n__estilo_kawaii__con_ojos_verde__grande_y_tiernos__colores_pasteles_y_rom_nticos__tama_o_1024_x_1024_px.jpg\">\n\t\t\t\t\t\t\t<img decoding=\"async\" width=\"625\" height=\"625\" src=\"https:\/\/tecnologiadegraficadigital2.faud.unsj.edu.ar\/wp-content\/uploads\/2025\/07\/un_gatito_muy_dulce_y_esponjoso__acostadito_en_un_sill_n__estilo_kawaii__con_ojos_verde__grande_y_tiernos__colores_pasteles_y_rom_nticos__tama_o_1024_x_1024_px.jpg\" class=\"attachment-large size-large wp-image-13509\" alt=\"\" srcset=\"https:\/\/tecnologiadegraficadigital2.faud.unsj.edu.ar\/wp-content\/uploads\/2025\/07\/un_gatito_muy_dulce_y_esponjoso__acostadito_en_un_sill_n__estilo_kawaii__con_ojos_verde__grande_y_tiernos__colores_pasteles_y_rom_nticos__tama_o_1024_x_1024_px.jpg 1024w, https:\/\/tecnologiadegraficadigital2.faud.unsj.edu.ar\/wp-content\/uploads\/2025\/07\/un_gatito_muy_dulce_y_esponjoso__acostadito_en_un_sill_n__estilo_kawaii__con_ojos_verde__grande_y_tiernos__colores_pasteles_y_rom_nticos__tama_o_1024_x_1024_px-300x300.jpg 300w, https:\/\/tecnologiadegraficadigital2.faud.unsj.edu.ar\/wp-content\/uploads\/2025\/07\/un_gatito_muy_dulce_y_esponjoso__acostadito_en_un_sill_n__estilo_kawaii__con_ojos_verde__grande_y_tiernos__colores_pasteles_y_rom_nticos__tama_o_1024_x_1024_px-150x150.jpg 150w, https:\/\/tecnologiadegraficadigital2.faud.unsj.edu.ar\/wp-content\/uploads\/2025\/07\/un_gatito_muy_dulce_y_esponjoso__acostadito_en_un_sill_n__estilo_kawaii__con_ojos_verde__grande_y_tiernos__colores_pasteles_y_rom_nticos__tama_o_1024_x_1024_px-768x768.jpg 768w, https:\/\/tecnologiadegraficadigital2.faud.unsj.edu.ar\/wp-content\/uploads\/2025\/07\/un_gatito_muy_dulce_y_esponjoso__acostadito_en_un_sill_n__estilo_kawaii__con_ojos_verde__grande_y_tiernos__colores_pasteles_y_rom_nticos__tama_o_1024_x_1024_px-624x624.jpg 624w, https:\/\/tecnologiadegraficadigital2.faud.unsj.edu.ar\/wp-content\/uploads\/2025\/07\/un_gatito_muy_dulce_y_esponjoso__acostadito_en_un_sill_n__estilo_kawaii__con_ojos_verde__grande_y_tiernos__colores_pasteles_y_rom_nticos__tama_o_1024_x_1024_px-180x180.jpg 180w, https:\/\/tecnologiadegraficadigital2.faud.unsj.edu.ar\/wp-content\/uploads\/2025\/07\/un_gatito_muy_dulce_y_esponjoso__acostadito_en_un_sill_n__estilo_kawaii__con_ojos_verde__grande_y_tiernos__colores_pasteles_y_rom_nticos__tama_o_1024_x_1024_px-60x60.jpg 60w\" sizes=\"(max-width: 625px) 100vw, 625px\" \/>\t\t\t\t\t\t\t\t<\/a>\n\t\t\t\t\t\t\t\t\t\t\t<figcaption class=\"widget-image-caption wp-caption-text\">Agostina Oieni. PROMTP: Ilustraci\u00f3n de un gatito muy dulce y esponjoso, con grandes y tiernos ojos verdes, acostadito en un sill\u00f3n, en un estilo kawaii y con colores pasteles rom\u00e1nticos.<\/figcaption>\n\t\t\t\t\t\t\t\t\t\t<\/figure>\n\t\t\t\t\t\t\t\t\t<\/div>\n\t\t\t\t<\/div>\n\t\t\t\t\t<\/div>\n\t\t<\/div>\n\t\t\t\t\t<\/div>\n\t\t<\/section>\n\t\t\t\t<section class=\"elementor-section elementor-top-section elementor-element elementor-element-f650e20 elementor-section-boxed elementor-section-height-default elementor-section-height-default\" data-id=\"f650e20\" data-element_type=\"section\" data-e-type=\"section\">\n\t\t\t\t\t\t<div class=\"elementor-container elementor-column-gap-default\">\n\t\t\t\t\t<div class=\"elementor-column elementor-col-33 elementor-top-column elementor-element elementor-element-cf65de6\" data-id=\"cf65de6\" data-element_type=\"column\" data-e-type=\"column\">\n\t\t\t<div class=\"elementor-widget-wrap elementor-element-populated\">\n\t\t\t\t\t\t<div class=\"elementor-element elementor-element-cd9b4a5 elementor-widget elementor-widget-image\" data-id=\"cd9b4a5\" data-element_type=\"widget\" data-e-type=\"widget\" data-widget_type=\"image.default\">\n\t\t\t\t<div class=\"elementor-widget-container\">\n\t\t\t\t\t\t\t\t\t\t\t\t<figure class=\"wp-caption\">\n\t\t\t\t\t\t\t\t\t\t\t<a href=\"https:\/\/tecnologiadegraficadigital2.faud.unsj.edu.ar\/wp-content\/uploads\/2025\/07\/CocaF_AI.png\">\n\t\t\t\t\t\t\t<img loading=\"lazy\" decoding=\"async\" width=\"625\" height=\"625\" src=\"https:\/\/tecnologiadegraficadigital2.faud.unsj.edu.ar\/wp-content\/uploads\/2025\/07\/CocaF_AI.png\" class=\"attachment-large size-large wp-image-13513\" alt=\"\" srcset=\"https:\/\/tecnologiadegraficadigital2.faud.unsj.edu.ar\/wp-content\/uploads\/2025\/07\/CocaF_AI.png 1024w, https:\/\/tecnologiadegraficadigital2.faud.unsj.edu.ar\/wp-content\/uploads\/2025\/07\/CocaF_AI-300x300.png 300w, https:\/\/tecnologiadegraficadigital2.faud.unsj.edu.ar\/wp-content\/uploads\/2025\/07\/CocaF_AI-150x150.png 150w, https:\/\/tecnologiadegraficadigital2.faud.unsj.edu.ar\/wp-content\/uploads\/2025\/07\/CocaF_AI-768x768.png 768w, https:\/\/tecnologiadegraficadigital2.faud.unsj.edu.ar\/wp-content\/uploads\/2025\/07\/CocaF_AI-624x624.png 624w, https:\/\/tecnologiadegraficadigital2.faud.unsj.edu.ar\/wp-content\/uploads\/2025\/07\/CocaF_AI-180x180.png 180w, https:\/\/tecnologiadegraficadigital2.faud.unsj.edu.ar\/wp-content\/uploads\/2025\/07\/CocaF_AI-60x60.png 60w\" sizes=\"(max-width: 625px) 100vw, 625px\" \/>\t\t\t\t\t\t\t\t<\/a>\n\t\t\t\t\t\t\t\t\t\t\t<figcaption class=\"widget-image-caption wp-caption-text\">Facundo Leyva Coca. PROMPT: pez de color negro que deja el agua para tener crias y liberar luz hacia la tierra para que sus crias puedan crecer.<\/figcaption>\n\t\t\t\t\t\t\t\t\t\t<\/figure>\n\t\t\t\t\t\t\t\t\t<\/div>\n\t\t\t\t<\/div>\n\t\t\t\t\t<\/div>\n\t\t<\/div>\n\t\t\t\t<div class=\"elementor-column elementor-col-33 elementor-top-column elementor-element elementor-element-6786807\" data-id=\"6786807\" data-element_type=\"column\" data-e-type=\"column\">\n\t\t\t<div class=\"elementor-widget-wrap elementor-element-populated\">\n\t\t\t\t\t\t<div class=\"elementor-element elementor-element-c9fe35a elementor-widget elementor-widget-image\" data-id=\"c9fe35a\" data-element_type=\"widget\" data-e-type=\"widget\" data-widget_type=\"image.default\">\n\t\t\t\t<div class=\"elementor-widget-container\">\n\t\t\t\t\t\t\t\t\t\t\t\t<figure class=\"wp-caption\">\n\t\t\t\t\t\t\t\t\t\t\t<a href=\"https:\/\/tecnologiadegraficadigital2.faud.unsj.edu.ar\/wp-content\/uploads\/2025\/07\/EscobatY_IA.png\">\n\t\t\t\t\t\t\t<img loading=\"lazy\" decoding=\"async\" width=\"625\" height=\"625\" src=\"https:\/\/tecnologiadegraficadigital2.faud.unsj.edu.ar\/wp-content\/uploads\/2025\/07\/EscobatY_IA.png\" class=\"attachment-large size-large wp-image-13517\" alt=\"\" srcset=\"https:\/\/tecnologiadegraficadigital2.faud.unsj.edu.ar\/wp-content\/uploads\/2025\/07\/EscobatY_IA.png 1024w, https:\/\/tecnologiadegraficadigital2.faud.unsj.edu.ar\/wp-content\/uploads\/2025\/07\/EscobatY_IA-300x300.png 300w, https:\/\/tecnologiadegraficadigital2.faud.unsj.edu.ar\/wp-content\/uploads\/2025\/07\/EscobatY_IA-150x150.png 150w, https:\/\/tecnologiadegraficadigital2.faud.unsj.edu.ar\/wp-content\/uploads\/2025\/07\/EscobatY_IA-768x768.png 768w, https:\/\/tecnologiadegraficadigital2.faud.unsj.edu.ar\/wp-content\/uploads\/2025\/07\/EscobatY_IA-624x624.png 624w, https:\/\/tecnologiadegraficadigital2.faud.unsj.edu.ar\/wp-content\/uploads\/2025\/07\/EscobatY_IA-180x180.png 180w, https:\/\/tecnologiadegraficadigital2.faud.unsj.edu.ar\/wp-content\/uploads\/2025\/07\/EscobatY_IA-60x60.png 60w\" sizes=\"(max-width: 625px) 100vw, 625px\" \/>\t\t\t\t\t\t\t\t<\/a>\n\t\t\t\t\t\t\t\t\t\t\t<figcaption class=\"widget-image-caption wp-caption-text\">Yanina Escobar. PROMPT: generar basureros para la colocaci\u00f3n  de residuos  para  reciclaje  en una escuela identificados por colores azul, amarillo, verde, marr\u00f3n, gris, negro, blanco.<\/figcaption>\n\t\t\t\t\t\t\t\t\t\t<\/figure>\n\t\t\t\t\t\t\t\t\t<\/div>\n\t\t\t\t<\/div>\n\t\t\t\t\t<\/div>\n\t\t<\/div>\n\t\t\t\t<div class=\"elementor-column elementor-col-33 elementor-top-column elementor-element elementor-element-9ec6cb8\" data-id=\"9ec6cb8\" data-element_type=\"column\" data-e-type=\"column\">\n\t\t\t<div class=\"elementor-widget-wrap elementor-element-populated\">\n\t\t\t\t\t\t<div class=\"elementor-element elementor-element-bdab879 elementor-widget elementor-widget-image\" data-id=\"bdab879\" data-element_type=\"widget\" data-e-type=\"widget\" data-widget_type=\"image.default\">\n\t\t\t\t<div class=\"elementor-widget-container\">\n\t\t\t\t\t\t\t\t\t\t\t\t<figure class=\"wp-caption\">\n\t\t\t\t\t\t\t\t\t\t\t<a href=\"https:\/\/tecnologiadegraficadigital2.faud.unsj.edu.ar\/wp-content\/uploads\/2025\/07\/Mu_ozL_IA.png\">\n\t\t\t\t\t\t\t<img loading=\"lazy\" decoding=\"async\" width=\"625\" height=\"625\" src=\"https:\/\/tecnologiadegraficadigital2.faud.unsj.edu.ar\/wp-content\/uploads\/2025\/07\/Mu_ozL_IA.png\" class=\"attachment-large size-large wp-image-13518\" alt=\"\" srcset=\"https:\/\/tecnologiadegraficadigital2.faud.unsj.edu.ar\/wp-content\/uploads\/2025\/07\/Mu_ozL_IA.png 1024w, https:\/\/tecnologiadegraficadigital2.faud.unsj.edu.ar\/wp-content\/uploads\/2025\/07\/Mu_ozL_IA-300x300.png 300w, https:\/\/tecnologiadegraficadigital2.faud.unsj.edu.ar\/wp-content\/uploads\/2025\/07\/Mu_ozL_IA-150x150.png 150w, https:\/\/tecnologiadegraficadigital2.faud.unsj.edu.ar\/wp-content\/uploads\/2025\/07\/Mu_ozL_IA-768x768.png 768w, https:\/\/tecnologiadegraficadigital2.faud.unsj.edu.ar\/wp-content\/uploads\/2025\/07\/Mu_ozL_IA-624x624.png 624w, https:\/\/tecnologiadegraficadigital2.faud.unsj.edu.ar\/wp-content\/uploads\/2025\/07\/Mu_ozL_IA-180x180.png 180w, https:\/\/tecnologiadegraficadigital2.faud.unsj.edu.ar\/wp-content\/uploads\/2025\/07\/Mu_ozL_IA-60x60.png 60w\" sizes=\"(max-width: 625px) 100vw, 625px\" \/>\t\t\t\t\t\t\t\t<\/a>\n\t\t\t\t\t\t\t\t\t\t\t<figcaption class=\"widget-image-caption wp-caption-text\">Lola Mu\u00f1oz. PROMPT: Necesito la ilustraci\u00f3n de un sombrero de egresados de una carrera universitaria como los que usan los egresado de Estados Unidos pero que sea color azul.<\/figcaption>\n\t\t\t\t\t\t\t\t\t\t<\/figure>\n\t\t\t\t\t\t\t\t\t<\/div>\n\t\t\t\t<\/div>\n\t\t\t\t\t<\/div>\n\t\t<\/div>\n\t\t\t\t\t<\/div>\n\t\t<\/section>\n\t\t\t\t<section class=\"elementor-section elementor-top-section elementor-element elementor-element-b2e64ef elementor-section-boxed elementor-section-height-default elementor-section-height-default\" data-id=\"b2e64ef\" data-element_type=\"section\" data-e-type=\"section\">\n\t\t\t\t\t\t<div class=\"elementor-container elementor-column-gap-default\">\n\t\t\t\t\t<div class=\"elementor-column elementor-col-33 elementor-top-column elementor-element elementor-element-41f46ba\" data-id=\"41f46ba\" data-element_type=\"column\" data-e-type=\"column\">\n\t\t\t<div class=\"elementor-widget-wrap elementor-element-populated\">\n\t\t\t\t\t\t<div class=\"elementor-element elementor-element-135499c elementor-widget elementor-widget-image\" data-id=\"135499c\" data-element_type=\"widget\" data-e-type=\"widget\" data-widget_type=\"image.default\">\n\t\t\t\t<div class=\"elementor-widget-container\">\n\t\t\t\t\t\t\t\t\t\t\t\t<figure class=\"wp-caption\">\n\t\t\t\t\t\t\t\t\t\t\t<a href=\"https:\/\/tecnologiadegraficadigital2.faud.unsj.edu.ar\/wp-content\/uploads\/2025\/07\/Sin_t_tulo_2.png\">\n\t\t\t\t\t\t\t<img loading=\"lazy\" decoding=\"async\" width=\"625\" height=\"625\" src=\"https:\/\/tecnologiadegraficadigital2.faud.unsj.edu.ar\/wp-content\/uploads\/2025\/07\/Sin_t_tulo_2.png\" class=\"attachment-large size-large wp-image-13522\" alt=\"\" srcset=\"https:\/\/tecnologiadegraficadigital2.faud.unsj.edu.ar\/wp-content\/uploads\/2025\/07\/Sin_t_tulo_2.png 1024w, https:\/\/tecnologiadegraficadigital2.faud.unsj.edu.ar\/wp-content\/uploads\/2025\/07\/Sin_t_tulo_2-300x300.png 300w, https:\/\/tecnologiadegraficadigital2.faud.unsj.edu.ar\/wp-content\/uploads\/2025\/07\/Sin_t_tulo_2-150x150.png 150w, https:\/\/tecnologiadegraficadigital2.faud.unsj.edu.ar\/wp-content\/uploads\/2025\/07\/Sin_t_tulo_2-768x768.png 768w, https:\/\/tecnologiadegraficadigital2.faud.unsj.edu.ar\/wp-content\/uploads\/2025\/07\/Sin_t_tulo_2-624x624.png 624w, https:\/\/tecnologiadegraficadigital2.faud.unsj.edu.ar\/wp-content\/uploads\/2025\/07\/Sin_t_tulo_2-180x180.png 180w, https:\/\/tecnologiadegraficadigital2.faud.unsj.edu.ar\/wp-content\/uploads\/2025\/07\/Sin_t_tulo_2-60x60.png 60w\" sizes=\"(max-width: 625px) 100vw, 625px\" \/>\t\t\t\t\t\t\t\t<\/a>\n\t\t\t\t\t\t\t\t\t\t\t<figcaption class=\"widget-image-caption wp-caption-text\">Lourdes Gaya. PROMPT: estoy trabajando en un proyecto sobre la importancia del dise\u00f1o gr\u00e1fico en nuestra vida cotidiana, necesito generar una imagen basada en un mundo gris y mon\u00f3tono en el que no exista el dise\u00f1o grafico, la escena debe representar la cocina de una familia t\u00edpica con elementos carentes de dise\u00f1o, por ejemplo una caja de cereal sin marca ni tipograf\u00edas.<\/figcaption>\n\t\t\t\t\t\t\t\t\t\t<\/figure>\n\t\t\t\t\t\t\t\t\t<\/div>\n\t\t\t\t<\/div>\n\t\t\t\t\t<\/div>\n\t\t<\/div>\n\t\t\t\t<div class=\"elementor-column elementor-col-33 elementor-top-column elementor-element elementor-element-22e55b1\" data-id=\"22e55b1\" data-element_type=\"column\" data-e-type=\"column\">\n\t\t\t<div class=\"elementor-widget-wrap elementor-element-populated\">\n\t\t\t\t\t\t<div class=\"elementor-element elementor-element-742a761 elementor-widget elementor-widget-image\" data-id=\"742a761\" data-element_type=\"widget\" data-e-type=\"widget\" data-widget_type=\"image.default\">\n\t\t\t\t<div class=\"elementor-widget-container\">\n\t\t\t\t\t\t\t\t\t\t\t\t<figure class=\"wp-caption\">\n\t\t\t\t\t\t\t\t\t\t\t<a href=\"https:\/\/tecnologiadegraficadigital2.faud.unsj.edu.ar\/wp-content\/uploads\/2025\/07\/AndradaF_IA.png\">\n\t\t\t\t\t\t\t<img loading=\"lazy\" decoding=\"async\" width=\"625\" height=\"625\" src=\"https:\/\/tecnologiadegraficadigital2.faud.unsj.edu.ar\/wp-content\/uploads\/2025\/07\/AndradaF_IA.png\" class=\"attachment-large size-large wp-image-13526\" alt=\"\" srcset=\"https:\/\/tecnologiadegraficadigital2.faud.unsj.edu.ar\/wp-content\/uploads\/2025\/07\/AndradaF_IA.png 1024w, https:\/\/tecnologiadegraficadigital2.faud.unsj.edu.ar\/wp-content\/uploads\/2025\/07\/AndradaF_IA-300x300.png 300w, https:\/\/tecnologiadegraficadigital2.faud.unsj.edu.ar\/wp-content\/uploads\/2025\/07\/AndradaF_IA-150x150.png 150w, https:\/\/tecnologiadegraficadigital2.faud.unsj.edu.ar\/wp-content\/uploads\/2025\/07\/AndradaF_IA-768x768.png 768w, https:\/\/tecnologiadegraficadigital2.faud.unsj.edu.ar\/wp-content\/uploads\/2025\/07\/AndradaF_IA-624x624.png 624w, https:\/\/tecnologiadegraficadigital2.faud.unsj.edu.ar\/wp-content\/uploads\/2025\/07\/AndradaF_IA-180x180.png 180w, https:\/\/tecnologiadegraficadigital2.faud.unsj.edu.ar\/wp-content\/uploads\/2025\/07\/AndradaF_IA-60x60.png 60w\" sizes=\"(max-width: 625px) 100vw, 625px\" \/>\t\t\t\t\t\t\t\t<\/a>\n\t\t\t\t\t\t\t\t\t\t\t<figcaption class=\"widget-image-caption wp-caption-text\">Fernando Andrada. PROMPT: Una imagen con tem\u00e1tica amarilla con un cuaderno en el medio y herramientas de dibujo a su alrededor.  <\/figcaption>\n\t\t\t\t\t\t\t\t\t\t<\/figure>\n\t\t\t\t\t\t\t\t\t<\/div>\n\t\t\t\t<\/div>\n\t\t\t\t\t<\/div>\n\t\t<\/div>\n\t\t\t\t<div class=\"elementor-column elementor-col-33 elementor-top-column elementor-element elementor-element-e18af7d\" data-id=\"e18af7d\" data-element_type=\"column\" data-e-type=\"column\">\n\t\t\t<div class=\"elementor-widget-wrap elementor-element-populated\">\n\t\t\t\t\t\t<div class=\"elementor-element elementor-element-a02497c elementor-widget elementor-widget-image\" data-id=\"a02497c\" data-element_type=\"widget\" data-e-type=\"widget\" data-widget_type=\"image.default\">\n\t\t\t\t<div class=\"elementor-widget-container\">\n\t\t\t\t\t\t\t\t\t\t\t\t<figure class=\"wp-caption\">\n\t\t\t\t\t\t\t\t\t\t\t<a href=\"https:\/\/tecnologiadegraficadigital2.faud.unsj.edu.ar\/wp-content\/uploads\/2025\/07\/CastroF.png\">\n\t\t\t\t\t\t\t<img loading=\"lazy\" decoding=\"async\" width=\"625\" height=\"625\" src=\"https:\/\/tecnologiadegraficadigital2.faud.unsj.edu.ar\/wp-content\/uploads\/2025\/07\/CastroF.png\" class=\"attachment-large size-large wp-image-13530\" alt=\"\" srcset=\"https:\/\/tecnologiadegraficadigital2.faud.unsj.edu.ar\/wp-content\/uploads\/2025\/07\/CastroF.png 1024w, https:\/\/tecnologiadegraficadigital2.faud.unsj.edu.ar\/wp-content\/uploads\/2025\/07\/CastroF-300x300.png 300w, https:\/\/tecnologiadegraficadigital2.faud.unsj.edu.ar\/wp-content\/uploads\/2025\/07\/CastroF-150x150.png 150w, https:\/\/tecnologiadegraficadigital2.faud.unsj.edu.ar\/wp-content\/uploads\/2025\/07\/CastroF-768x768.png 768w, https:\/\/tecnologiadegraficadigital2.faud.unsj.edu.ar\/wp-content\/uploads\/2025\/07\/CastroF-624x624.png 624w, https:\/\/tecnologiadegraficadigital2.faud.unsj.edu.ar\/wp-content\/uploads\/2025\/07\/CastroF-180x180.png 180w, https:\/\/tecnologiadegraficadigital2.faud.unsj.edu.ar\/wp-content\/uploads\/2025\/07\/CastroF-60x60.png 60w\" sizes=\"(max-width: 625px) 100vw, 625px\" \/>\t\t\t\t\t\t\t\t<\/a>\n\t\t\t\t\t\t\t\t\t\t\t<figcaption class=\"widget-image-caption wp-caption-text\">Franco Castro. PROMPT: Genera una imagen de 1024 x 1024px de un abecedario completo sans serif en el que se destaquen las letras \"G E O\"<\/figcaption>\n\t\t\t\t\t\t\t\t\t\t<\/figure>\n\t\t\t\t\t\t\t\t\t<\/div>\n\t\t\t\t<\/div>\n\t\t\t\t\t<\/div>\n\t\t<\/div>\n\t\t\t\t\t<\/div>\n\t\t<\/section>\n\t\t\t\t<\/div>\n\t\t","protected":false},"excerpt":{"rendered":"<p>Como actividad de cierre de la asignatura, desde el a\u00f1o 2023 llevamos a cabo un Taller de Experimentaci\u00f3n con Inteligencia Artificial. En esta instancia, cada estudiante parte de una producci\u00f3n&#8230; <a href=\"https:\/\/tecnologiadegraficadigital2.faud.unsj.edu.ar\/?page_id=13492\">Leer m\u00e1s &raquo;<\/a><\/p>\n","protected":false},"author":4,"featured_media":0,"parent":0,"menu_order":0,"comment_status":"closed","ping_status":"closed","template":"","meta":{"footnotes":""},"class_list":["post-13492","page","type-page","status-publish","hentry"],"_links":{"self":[{"href":"https:\/\/tecnologiadegraficadigital2.faud.unsj.edu.ar\/index.php?rest_route=\/wp\/v2\/pages\/13492","targetHints":{"allow":["GET"]}}],"collection":[{"href":"https:\/\/tecnologiadegraficadigital2.faud.unsj.edu.ar\/index.php?rest_route=\/wp\/v2\/pages"}],"about":[{"href":"https:\/\/tecnologiadegraficadigital2.faud.unsj.edu.ar\/index.php?rest_route=\/wp\/v2\/types\/page"}],"author":[{"embeddable":true,"href":"https:\/\/tecnologiadegraficadigital2.faud.unsj.edu.ar\/index.php?rest_route=\/wp\/v2\/users\/4"}],"replies":[{"embeddable":true,"href":"https:\/\/tecnologiadegraficadigital2.faud.unsj.edu.ar\/index.php?rest_route=%2Fwp%2Fv2%2Fcomments&post=13492"}],"version-history":[{"count":43,"href":"https:\/\/tecnologiadegraficadigital2.faud.unsj.edu.ar\/index.php?rest_route=\/wp\/v2\/pages\/13492\/revisions"}],"predecessor-version":[{"id":13547,"href":"https:\/\/tecnologiadegraficadigital2.faud.unsj.edu.ar\/index.php?rest_route=\/wp\/v2\/pages\/13492\/revisions\/13547"}],"wp:attachment":[{"href":"https:\/\/tecnologiadegraficadigital2.faud.unsj.edu.ar\/index.php?rest_route=%2Fwp%2Fv2%2Fmedia&parent=13492"}],"curies":[{"name":"wp","href":"https:\/\/api.w.org\/{rel}","templated":true}]}}