{"id":1850,"date":"2020-10-30T12:50:15","date_gmt":"2020-10-30T15:50:15","guid":{"rendered":"https:\/\/tecnologiadegraficadigital2.faud.unsj.edu.ar\/?page_id=1850"},"modified":"2025-10-01T12:05:20","modified_gmt":"2025-10-01T15:05:20","slug":"metadatos","status":"publish","type":"page","link":"https:\/\/tecnologiadegraficadigital2.faud.unsj.edu.ar\/?page_id=1850","title":{"rendered":"metadatos"},"content":{"rendered":"\t\t<div data-elementor-type=\"wp-page\" data-elementor-id=\"1850\" class=\"elementor elementor-1850\">\n\t\t\t\t\t\t<section class=\"elementor-section elementor-top-section elementor-element elementor-element-b168d8c elementor-section-boxed elementor-section-height-default elementor-section-height-default\" data-id=\"b168d8c\" data-element_type=\"section\" data-e-type=\"section\">\n\t\t\t\t\t\t<div class=\"elementor-container elementor-column-gap-default\">\n\t\t\t\t\t<div class=\"elementor-column elementor-col-100 elementor-top-column elementor-element elementor-element-4c798d2\" data-id=\"4c798d2\" data-element_type=\"column\" data-e-type=\"column\">\n\t\t\t<div class=\"elementor-widget-wrap elementor-element-populated\">\n\t\t\t\t\t\t<div class=\"elementor-element elementor-element-32437f9 elementor-widget elementor-widget-text-editor\" data-id=\"32437f9\" data-element_type=\"widget\" data-e-type=\"widget\" data-widget_type=\"text-editor.default\">\n\t\t\t\t<div class=\"elementor-widget-container\">\n\t\t\t\t\t\t\t\t\t<p><span style=\"color: #333333;\">Seg\u00fan la<\/span> <a href=\"https:\/\/es.wikipedia.org\/wiki\/Metadatos\" target=\"_blank\" rel=\"noopener\">Wikipedia<\/a>, <span style=\"color: #333333;\">los metadatos en los archivos, incluyen informaci\u00f3n que suele no ser relevante para el usuario final pero s\u00ed, para el sistema que maneja los datos. Muchos formatos de archivos admiten incluir metadatos.\u00a0<\/span><\/p>\t\t\t\t\t\t\t\t<\/div>\n\t\t\t\t<\/div>\n\t\t\t\t\t<\/div>\n\t\t<\/div>\n\t\t\t\t\t<\/div>\n\t\t<\/section>\n\t\t\t\t<section class=\"elementor-section elementor-top-section elementor-element elementor-element-5287d10 elementor-section-boxed elementor-section-height-default elementor-section-height-default\" data-id=\"5287d10\" data-element_type=\"section\" data-e-type=\"section\">\n\t\t\t\t\t\t<div class=\"elementor-container elementor-column-gap-default\">\n\t\t\t\t\t<div class=\"elementor-column elementor-col-33 elementor-top-column elementor-element elementor-element-2cc4c40\" data-id=\"2cc4c40\" data-element_type=\"column\" data-e-type=\"column\">\n\t\t\t<div class=\"elementor-widget-wrap elementor-element-populated\">\n\t\t\t\t\t\t<div class=\"elementor-element elementor-element-5fc8597 elementor-widget elementor-widget-spacer\" data-id=\"5fc8597\" data-element_type=\"widget\" data-e-type=\"widget\" data-widget_type=\"spacer.default\">\n\t\t\t\t<div class=\"elementor-widget-container\">\n\t\t\t\t\t\t\t<div class=\"elementor-spacer\">\n\t\t\t<div class=\"elementor-spacer-inner\"><\/div>\n\t\t<\/div>\n\t\t\t\t\t\t<\/div>\n\t\t\t\t<\/div>\n\t\t\t\t<div class=\"elementor-element elementor-element-7f573ba elementor-widget elementor-widget-text-editor\" data-id=\"7f573ba\" data-element_type=\"widget\" data-e-type=\"widget\" data-widget_type=\"text-editor.default\">\n\t\t\t\t<div class=\"elementor-widget-container\">\n\t\t\t\t\t\t\t\t\t<p><span style=\"color: #333333;\">Veamos un uso posible para los metadatos<\/span><\/p>\t\t\t\t\t\t\t\t<\/div>\n\t\t\t\t<\/div>\n\t\t\t\t\t<\/div>\n\t\t<\/div>\n\t\t\t\t<div class=\"elementor-column elementor-col-66 elementor-top-column elementor-element elementor-element-0a8748e\" data-id=\"0a8748e\" data-element_type=\"column\" data-e-type=\"column\">\n\t\t\t<div class=\"elementor-widget-wrap elementor-element-populated\">\n\t\t\t\t\t\t<div class=\"elementor-element elementor-element-a34a8f0 elementor-widget elementor-widget-html\" data-id=\"a34a8f0\" data-element_type=\"widget\" data-e-type=\"widget\" data-widget_type=\"html.default\">\n\t\t\t\t<div class=\"elementor-widget-container\">\n\t\t\t\t\t<iframe width=\"560\" height=\"315\" src=\"https:\/\/www.youtube.com\/embed\/9gAJWUBj6qM\" frameborder=\"0\" allow=\"accelerometer; autoplay; clipboard-write; encrypted-media; gyroscope; picture-in-picture\" allowfullscreen><\/iframe>\t\t\t\t<\/div>\n\t\t\t\t<\/div>\n\t\t\t\t\t<\/div>\n\t\t<\/div>\n\t\t\t\t\t<\/div>\n\t\t<\/section>\n\t\t\t\t<section class=\"elementor-section elementor-top-section elementor-element elementor-element-3ab2568 elementor-section-boxed elementor-section-height-default elementor-section-height-default\" data-id=\"3ab2568\" data-element_type=\"section\" data-e-type=\"section\">\n\t\t\t\t\t\t<div class=\"elementor-container elementor-column-gap-default\">\n\t\t\t\t\t<div class=\"elementor-column elementor-col-100 elementor-top-column elementor-element elementor-element-06d0301\" data-id=\"06d0301\" data-element_type=\"column\" data-e-type=\"column\">\n\t\t\t<div class=\"elementor-widget-wrap elementor-element-populated\">\n\t\t\t\t\t\t<div class=\"elementor-element elementor-element-fdb6518 elementor-widget elementor-widget-text-editor\" data-id=\"fdb6518\" data-element_type=\"widget\" data-e-type=\"widget\" data-widget_type=\"text-editor.default\">\n\t\t\t\t<div class=\"elementor-widget-container\">\n\t\t\t\t\t\t\t\t\t<p><span style=\"color: #333333;\">La mala noticia es que hay aplicaciones que eliminan los metadatos de los archivos sin siquiera avisarnos. Cuando compartimos una imagen (como imagen, no como archivo) a trav\u00e9s de Whatsapp, por ejemplo, los metadatos son eliminados. Lo mismo ocurre cuando grabamos archivos en alg\u00fan medio de almacenamiento externo, los metadatos pueden ser eliminados.<\/span><\/p>\t\t\t\t\t\t\t\t<\/div>\n\t\t\t\t<\/div>\n\t\t\t\t<div class=\"elementor-element elementor-element-74413c3 elementor-align-right elementor-widget elementor-widget-button\" data-id=\"74413c3\" data-element_type=\"widget\" data-e-type=\"widget\" data-widget_type=\"button.default\">\n\t\t\t\t<div class=\"elementor-widget-container\">\n\t\t\t\t\t\t\t\t\t<div class=\"elementor-button-wrapper\">\n\t\t\t\t\t<a class=\"elementor-button elementor-button-link elementor-size-xs\" href=\"https:\/\/tecnologiadegraficadigital2.faud.unsj.edu.ar\/?page_id=1090\">\n\t\t\t\t\t\t<span class=\"elementor-button-content-wrapper\">\n\t\t\t\t\t\t<span class=\"elementor-button-icon\">\n\t\t\t\t<i aria-hidden=\"true\" class=\"fas fa-arrow-left\"><\/i>\t\t\t<\/span>\n\t\t\t\t\t\t\t\t\t<span class=\"elementor-button-text\">volver<\/span>\n\t\t\t\t\t<\/span>\n\t\t\t\t\t<\/a>\n\t\t\t\t<\/div>\n\t\t\t\t\t\t\t\t<\/div>\n\t\t\t\t<\/div>\n\t\t\t\t\t<\/div>\n\t\t<\/div>\n\t\t\t\t\t<\/div>\n\t\t<\/section>\n\t\t\t\t<\/div>\n\t\t","protected":false},"excerpt":{"rendered":"<p>Seg\u00fan la Wikipedia, los metadatos en los archivos, incluyen informaci\u00f3n que suele no ser relevante para el usuario final pero s\u00ed, para el sistema que maneja los datos. Muchos formatos&#8230; <a href=\"https:\/\/tecnologiadegraficadigital2.faud.unsj.edu.ar\/?page_id=1850\">Leer m\u00e1s &raquo;<\/a><\/p>\n","protected":false},"author":4,"featured_media":0,"parent":0,"menu_order":0,"comment_status":"closed","ping_status":"closed","template":"","meta":{"footnotes":""},"class_list":["post-1850","page","type-page","status-publish","hentry"],"_links":{"self":[{"href":"https:\/\/tecnologiadegraficadigital2.faud.unsj.edu.ar\/index.php?rest_route=\/wp\/v2\/pages\/1850","targetHints":{"allow":["GET"]}}],"collection":[{"href":"https:\/\/tecnologiadegraficadigital2.faud.unsj.edu.ar\/index.php?rest_route=\/wp\/v2\/pages"}],"about":[{"href":"https:\/\/tecnologiadegraficadigital2.faud.unsj.edu.ar\/index.php?rest_route=\/wp\/v2\/types\/page"}],"author":[{"embeddable":true,"href":"https:\/\/tecnologiadegraficadigital2.faud.unsj.edu.ar\/index.php?rest_route=\/wp\/v2\/users\/4"}],"replies":[{"embeddable":true,"href":"https:\/\/tecnologiadegraficadigital2.faud.unsj.edu.ar\/index.php?rest_route=%2Fwp%2Fv2%2Fcomments&post=1850"}],"version-history":[{"count":18,"href":"https:\/\/tecnologiadegraficadigital2.faud.unsj.edu.ar\/index.php?rest_route=\/wp\/v2\/pages\/1850\/revisions"}],"predecessor-version":[{"id":14758,"href":"https:\/\/tecnologiadegraficadigital2.faud.unsj.edu.ar\/index.php?rest_route=\/wp\/v2\/pages\/1850\/revisions\/14758"}],"wp:attachment":[{"href":"https:\/\/tecnologiadegraficadigital2.faud.unsj.edu.ar\/index.php?rest_route=%2Fwp%2Fv2%2Fmedia&parent=1850"}],"curies":[{"name":"wp","href":"https:\/\/api.w.org\/{rel}","templated":true}]}}