{"id":357,"date":"2019-08-07T21:58:54","date_gmt":"2019-08-08T00:58:54","guid":{"rendered":"https:\/\/tecnologiadegraficadigital2.faud.unsj.edu.ar\/?page_id=357"},"modified":"2024-08-19T11:30:49","modified_gmt":"2024-08-19T14:30:49","slug":"links-de-interes","status":"publish","type":"page","link":"https:\/\/tecnologiadegraficadigital2.faud.unsj.edu.ar\/?page_id=357","title":{"rendered":"links"},"content":{"rendered":"\t\t<div data-elementor-type=\"wp-page\" data-elementor-id=\"357\" class=\"elementor elementor-357\">\n\t\t\t\t\t\t<section class=\"elementor-section elementor-top-section elementor-element elementor-element-c00d13d elementor-section-boxed elementor-section-height-default elementor-section-height-default\" data-id=\"c00d13d\" data-element_type=\"section\" data-e-type=\"section\">\n\t\t\t\t\t\t<div class=\"elementor-container elementor-column-gap-default\">\n\t\t\t\t\t<div class=\"elementor-column elementor-col-100 elementor-top-column elementor-element elementor-element-6b0f045\" data-id=\"6b0f045\" data-element_type=\"column\" data-e-type=\"column\">\n\t\t\t<div class=\"elementor-widget-wrap elementor-element-populated\">\n\t\t\t\t\t\t<div class=\"elementor-element elementor-element-5a0a75e elementor-widget elementor-widget-text-editor\" data-id=\"5a0a75e\" data-element_type=\"widget\" data-e-type=\"widget\" data-widget_type=\"text-editor.default\">\n\t\t\t\t<div class=\"elementor-widget-container\">\n\t\t\t\t\t\t\t\t\t<p>En este apartado incluimos links a sitios en los que puedes ampliar temas que incluye el programa y tambi\u00e9n algunos links a sitios que exponen trabajos de egresados de la FAUD.\u00a0\u00a0<\/p>\t\t\t\t\t\t\t\t<\/div>\n\t\t\t\t<\/div>\n\t\t\t\t\t<\/div>\n\t\t<\/div>\n\t\t\t\t\t<\/div>\n\t\t<\/section>\n\t\t\t\t<section class=\"elementor-section elementor-top-section elementor-element elementor-element-4d79d6b elementor-section-boxed elementor-section-height-default elementor-section-height-default\" data-id=\"4d79d6b\" data-element_type=\"section\" data-e-type=\"section\">\n\t\t\t\t\t\t<div class=\"elementor-container elementor-column-gap-default\">\n\t\t\t\t\t<div class=\"elementor-column elementor-col-100 elementor-top-column elementor-element elementor-element-a389d48\" data-id=\"a389d48\" data-element_type=\"column\" data-e-type=\"column\">\n\t\t\t<div class=\"elementor-widget-wrap elementor-element-populated\">\n\t\t\t\t\t\t<div class=\"elementor-element elementor-element-fcdfba0 elementor-widget elementor-widget-text-editor\" data-id=\"fcdfba0\" data-element_type=\"widget\" data-e-type=\"widget\" data-widget_type=\"text-editor.default\">\n\t\t\t\t<div class=\"elementor-widget-container\">\n\t\t\t\t\t\t\t\t\t<p>Te compartimos la <span style=\"text-decoration: underline;\"><strong><a href=\"https:\/\/graffica.info\/spotify-lanza-su-nueva-tipografia-corporativa-spotify-mix\/\" target=\"_blank\" rel=\"noopener\">siguiente publicaci\u00f3n<\/a><\/strong><\/span> en la que explican el uso de una fuente variable como respuesta a la identidad visual de una conocida plataforma de m\u00fasica. Adem\u00e1s, desde <span style=\"text-decoration: underline;\"><strong><a href=\"https:\/\/newsroom.spotify.com\/2024-05-22\/introducing-spotify-mix-our-new-and-exclusive-font\/\" target=\"_blank\" rel=\"noopener\">ac\u00e1<\/a><\/strong><\/span> podr\u00e1s visitar la presentaci\u00f3n de la fuente por parte de la plataforma.<\/p>\t\t\t\t\t\t\t\t<\/div>\n\t\t\t\t<\/div>\n\t\t\t\t\t<\/div>\n\t\t<\/div>\n\t\t\t\t\t<\/div>\n\t\t<\/section>\n\t\t\t\t<section class=\"elementor-section elementor-top-section elementor-element elementor-element-b2b62e1 elementor-section-boxed elementor-section-height-default elementor-section-height-default\" data-id=\"b2b62e1\" data-element_type=\"section\" data-e-type=\"section\">\n\t\t\t\t\t\t<div class=\"elementor-container elementor-column-gap-default\">\n\t\t\t\t\t<div class=\"elementor-column elementor-col-100 elementor-top-column elementor-element elementor-element-ee440df\" data-id=\"ee440df\" data-element_type=\"column\" data-e-type=\"column\">\n\t\t\t<div class=\"elementor-widget-wrap elementor-element-populated\">\n\t\t\t\t\t\t<div class=\"elementor-element elementor-element-30b739a elementor-widget elementor-widget-text-editor\" data-id=\"30b739a\" data-element_type=\"widget\" data-e-type=\"widget\" data-widget_type=\"text-editor.default\">\n\t\t\t\t<div class=\"elementor-widget-container\">\n\t\t\t\t\t\t\t\t\t<p><strong>Montserrat<\/strong> una fuente creada por la dise\u00f1adora argentina Julieta Ulanovsky, de c\u00f3digo abierto y con licencia OFL. Te compartimos <a href=\"https:\/\/infocielo.com\/sociedad\/una-interesante-historia-detras-la-tipografia-billetes-2-mil-n767564\" target=\"_blank\" rel=\"noopener\">este interesante art\u00edculo<\/a> para que puedas conocer m\u00e1s al respecto.<\/p>\t\t\t\t\t\t\t\t<\/div>\n\t\t\t\t<\/div>\n\t\t\t\t\t<\/div>\n\t\t<\/div>\n\t\t\t\t\t<\/div>\n\t\t<\/section>\n\t\t\t\t<section class=\"elementor-section elementor-top-section elementor-element elementor-element-c522c97 elementor-section-boxed elementor-section-height-default elementor-section-height-default\" data-id=\"c522c97\" data-element_type=\"section\" data-e-type=\"section\">\n\t\t\t\t\t\t<div class=\"elementor-container elementor-column-gap-default\">\n\t\t\t\t\t<div class=\"elementor-column elementor-col-100 elementor-top-column elementor-element elementor-element-80d4183\" data-id=\"80d4183\" data-element_type=\"column\" data-e-type=\"column\">\n\t\t\t<div class=\"elementor-widget-wrap elementor-element-populated\">\n\t\t\t\t\t\t<div class=\"elementor-element elementor-element-0109556 elementor-widget elementor-widget-text-editor\" data-id=\"0109556\" data-element_type=\"widget\" data-e-type=\"widget\" data-widget_type=\"text-editor.default\">\n\t\t\t\t<div class=\"elementor-widget-container\">\n\t\t\t\t\t\t\t\t\t<p><a href=\"https:\/\/laprestampa.com\/el-proceso-grafico\/preimpresion\/gestion-del-color\/\" target=\"_blank\" rel=\"noopener\">M\u00e1s sobre Gesti\u00f3n de Color<\/a>.\u00a0 Este es un sitio que describe e ilustra cada componente y etapa del proceso de gesti\u00f3n de color.<\/p>\t\t\t\t\t\t\t\t<\/div>\n\t\t\t\t<\/div>\n\t\t\t\t\t<\/div>\n\t\t<\/div>\n\t\t\t\t\t<\/div>\n\t\t<\/section>\n\t\t\t\t<section class=\"elementor-section elementor-top-section elementor-element elementor-element-46db8a3 elementor-section-boxed elementor-section-height-default elementor-section-height-default\" data-id=\"46db8a3\" data-element_type=\"section\" data-e-type=\"section\">\n\t\t\t\t\t\t<div class=\"elementor-container elementor-column-gap-default\">\n\t\t\t\t\t<div class=\"elementor-column elementor-col-100 elementor-top-column elementor-element elementor-element-49af829\" data-id=\"49af829\" data-element_type=\"column\" data-e-type=\"column\">\n\t\t\t<div class=\"elementor-widget-wrap elementor-element-populated\">\n\t\t\t\t\t\t<div class=\"elementor-element elementor-element-c5371f9 elementor-widget elementor-widget-text-editor\" data-id=\"c5371f9\" data-element_type=\"widget\" data-e-type=\"widget\" data-widget_type=\"text-editor.default\">\n\t\t\t\t<div class=\"elementor-widget-container\">\n\t\t\t\t\t\t\t\t\t<p class=\"documentFirstHeading\"><a href=\"https:\/\/www.imh.eus\/es\/imh\/comunicacion\/docu-libre\/manual-scribus\" target=\"_blank\" rel=\"noopener\">Manual de Scribus: software libre para publicaci\u00f3n y maquetaci\u00f3n.<\/a> Este es un manual en l\u00ednea que incluye ejercicios y tutoriales diversos<\/p>\t\t\t\t\t\t\t\t<\/div>\n\t\t\t\t<\/div>\n\t\t\t\t\t<\/div>\n\t\t<\/div>\n\t\t\t\t\t<\/div>\n\t\t<\/section>\n\t\t\t\t<section class=\"elementor-section elementor-top-section elementor-element elementor-element-4d7beb3 elementor-section-boxed elementor-section-height-default elementor-section-height-default\" data-id=\"4d7beb3\" data-element_type=\"section\" data-e-type=\"section\">\n\t\t\t\t\t\t<div class=\"elementor-container elementor-column-gap-default\">\n\t\t\t\t\t<div class=\"elementor-column elementor-col-100 elementor-top-column elementor-element elementor-element-ea042ac\" data-id=\"ea042ac\" data-element_type=\"column\" data-e-type=\"column\">\n\t\t\t<div class=\"elementor-widget-wrap elementor-element-populated\">\n\t\t\t\t\t\t<div class=\"elementor-element elementor-element-05d8634 elementor-widget elementor-widget-text-editor\" data-id=\"05d8634\" data-element_type=\"widget\" data-e-type=\"widget\" data-widget_type=\"text-editor.default\">\n\t\t\t\t<div class=\"elementor-widget-container\">\n\t\t\t\t\t\t\t\t\t<p><a href=\"https:\/\/www.cultura.gob.ar\/dia-nacional-de-la-animacion-argentina-9724\/\" target=\"_blank\" rel=\"noopener\">D\u00eda Nacional de la animaci\u00f3n argentina.<\/a><\/p>\t\t\t\t\t\t\t\t<\/div>\n\t\t\t\t<\/div>\n\t\t\t\t\t<\/div>\n\t\t<\/div>\n\t\t\t\t\t<\/div>\n\t\t<\/section>\n\t\t\t\t<section class=\"elementor-section elementor-top-section elementor-element elementor-element-1b27092 elementor-section-boxed elementor-section-height-default elementor-section-height-default\" data-id=\"1b27092\" data-element_type=\"section\" data-e-type=\"section\">\n\t\t\t\t\t\t<div class=\"elementor-container elementor-column-gap-default\">\n\t\t\t\t\t<div class=\"elementor-column elementor-col-100 elementor-top-column elementor-element elementor-element-a0dc708\" data-id=\"a0dc708\" data-element_type=\"column\" data-e-type=\"column\">\n\t\t\t<div class=\"elementor-widget-wrap elementor-element-populated\">\n\t\t\t\t\t\t<div class=\"elementor-element elementor-element-0c44ed6 elementor-widget elementor-widget-text-editor\" data-id=\"0c44ed6\" data-element_type=\"widget\" data-e-type=\"widget\" data-widget_type=\"text-editor.default\">\n\t\t\t\t<div class=\"elementor-widget-container\">\n\t\t\t\t\t\t\t\t\t<p>Esta es una\u00a0<a href=\"https:\/\/www.sutori.com\/story\/linea-de-tiempo-de-la-historia-de-la-animacion-1900-presente--nED8CNXXmEUcm5nd4BoHrfaw\" target=\"_blank\" rel=\"noopener\">L\u00ednea de tiempo de la historia de la animaci\u00f3n<\/a> desde 1900 hasta el presente, elaborada por Mat\u00edas Vera.<\/p>\t\t\t\t\t\t\t\t<\/div>\n\t\t\t\t<\/div>\n\t\t\t\t\t<\/div>\n\t\t<\/div>\n\t\t\t\t\t<\/div>\n\t\t<\/section>\n\t\t\t\t<section class=\"elementor-section elementor-top-section elementor-element elementor-element-a983c7e elementor-section-boxed elementor-section-height-default elementor-section-height-default\" data-id=\"a983c7e\" data-element_type=\"section\" data-e-type=\"section\">\n\t\t\t\t\t\t<div class=\"elementor-container elementor-column-gap-default\">\n\t\t\t\t\t<div class=\"elementor-column elementor-col-100 elementor-top-column elementor-element elementor-element-25871b3\" data-id=\"25871b3\" data-element_type=\"column\" data-e-type=\"column\">\n\t\t\t<div class=\"elementor-widget-wrap elementor-element-populated\">\n\t\t\t\t\t\t<div class=\"elementor-element elementor-element-542e683 elementor-widget elementor-widget-text-editor\" data-id=\"542e683\" data-element_type=\"widget\" data-e-type=\"widget\" data-widget_type=\"text-editor.default\">\n\t\t\t\t<div class=\"elementor-widget-container\">\n\t\t\t\t\t\t\t\t\t<p>En este sitio podr\u00e1s acceder al <a href=\"https:\/\/intef.es\/recursos-educativos\/observatorio-de-tecnologia-educativa\/detalle-observatorio\/?id=35530\" target=\"_blank\" rel=\"noopener\">tutorial en l\u00ednea<\/a> o en <a href=\"https:\/\/intef.es\/wp-content\/uploads\/2023\/03\/PowToon.pdf\" target=\"_blank\" rel=\"noopener\">formato PDF<\/a> de una aplicaci\u00f3n en l\u00ednea llamada Powtoon. Esta aplicaci\u00f3n permite realizar presentaciones animadas e interactivas, y si bien no requiere la instalaci\u00f3n de software, si demanda conexi\u00f3n en internet y el almacenamiento de lo producido en servidores (la nube)<\/p>\t\t\t\t\t\t\t\t<\/div>\n\t\t\t\t<\/div>\n\t\t\t\t\t<\/div>\n\t\t<\/div>\n\t\t\t\t\t<\/div>\n\t\t<\/section>\n\t\t\t\t<section class=\"elementor-section elementor-top-section elementor-element elementor-element-d0ca0c4 elementor-section-boxed elementor-section-height-default elementor-section-height-default\" data-id=\"d0ca0c4\" data-element_type=\"section\" data-e-type=\"section\">\n\t\t\t\t\t\t<div class=\"elementor-container elementor-column-gap-default\">\n\t\t\t\t\t<div class=\"elementor-column elementor-col-33 elementor-top-column elementor-element elementor-element-99c99f7\" data-id=\"99c99f7\" data-element_type=\"column\" data-e-type=\"column\">\n\t\t\t<div class=\"elementor-widget-wrap elementor-element-populated\">\n\t\t\t\t\t\t<div class=\"elementor-element elementor-element-0b95aea elementor-widget elementor-widget-text-editor\" data-id=\"0b95aea\" data-element_type=\"widget\" data-e-type=\"widget\" data-widget_type=\"text-editor.default\">\n\t\t\t\t<div class=\"elementor-widget-container\">\n\t\t\t\t\t\t\t\t\t<h2>SPRING. Una pelicula construida con Blender<\/h2>\t\t\t\t\t\t\t\t<\/div>\n\t\t\t\t<\/div>\n\t\t\t\t\t<\/div>\n\t\t<\/div>\n\t\t\t\t<div class=\"elementor-column elementor-col-66 elementor-top-column elementor-element elementor-element-f2a94d7\" data-id=\"f2a94d7\" data-element_type=\"column\" data-e-type=\"column\">\n\t\t\t<div class=\"elementor-widget-wrap elementor-element-populated\">\n\t\t\t\t\t\t<div class=\"elementor-element elementor-element-ab9e1f8 elementor-widget elementor-widget-html\" data-id=\"ab9e1f8\" data-element_type=\"widget\" data-e-type=\"widget\" data-widget_type=\"html.default\">\n\t\t\t\t<div class=\"elementor-widget-container\">\n\t\t\t\t\t<iframe width=\"560\" height=\"315\" src=\"https:\/\/www.youtube.com\/embed\/WhWc3b3KhnY?si=RvFXmZIBSKDZrV8l\" title=\"YouTube video player\" frameborder=\"0\" allow=\"accelerometer; autoplay; clipboard-write; encrypted-media; gyroscope; picture-in-picture; web-share\" referrerpolicy=\"strict-origin-when-cross-origin\" allowfullscreen><\/iframe>\t\t\t\t<\/div>\n\t\t\t\t<\/div>\n\t\t\t\t\t<\/div>\n\t\t<\/div>\n\t\t\t\t\t<\/div>\n\t\t<\/section>\n\t\t\t\t<section class=\"elementor-section elementor-top-section elementor-element elementor-element-d4beac4 elementor-section-boxed elementor-section-height-default elementor-section-height-default\" data-id=\"d4beac4\" data-element_type=\"section\" data-e-type=\"section\">\n\t\t\t\t\t\t<div class=\"elementor-container elementor-column-gap-default\">\n\t\t\t\t\t<div class=\"elementor-column elementor-col-100 elementor-top-column elementor-element elementor-element-84b9343\" data-id=\"84b9343\" data-element_type=\"column\" data-e-type=\"column\">\n\t\t\t<div class=\"elementor-widget-wrap elementor-element-populated\">\n\t\t\t\t\t\t<div class=\"elementor-element elementor-element-a5fc23e elementor-widget elementor-widget-text-editor\" data-id=\"a5fc23e\" data-element_type=\"widget\" data-e-type=\"widget\" data-widget_type=\"text-editor.default\">\n\t\t\t\t<div class=\"elementor-widget-container\">\n\t\t\t\t\t\t\t\t\t<h1 style=\"text-align: left;\" align=\"center\">Useful Color Information, Studies and Files<\/h1><p><a href=\"http:\/\/brucelindbloom.com\/index.html?Eqn_RGB_XYZ_Matrix.html#WSMatriceso-\" target=\"_blank\" rel=\"noopener\">http:\/\/brucelindbloom.com\/index.html?Eqn_RGB_XYZ_Matrix.html#WSMatriceso-<\/a><\/p>\t\t\t\t\t\t\t\t<\/div>\n\t\t\t\t<\/div>\n\t\t\t\t\t<\/div>\n\t\t<\/div>\n\t\t\t\t\t<\/div>\n\t\t<\/section>\n\t\t\t\t<section class=\"elementor-section elementor-top-section elementor-element elementor-element-f0ae658 elementor-section-boxed elementor-section-height-default elementor-section-height-default\" data-id=\"f0ae658\" data-element_type=\"section\" data-e-type=\"section\">\n\t\t\t\t\t\t<div class=\"elementor-container elementor-column-gap-default\">\n\t\t\t\t\t<div class=\"elementor-column elementor-col-100 elementor-top-column elementor-element elementor-element-37ceb13\" data-id=\"37ceb13\" data-element_type=\"column\" data-e-type=\"column\">\n\t\t\t<div class=\"elementor-widget-wrap elementor-element-populated\">\n\t\t\t\t\t\t<div class=\"elementor-element elementor-element-98dc98b elementor-widget elementor-widget-text-editor\" data-id=\"98dc98b\" data-element_type=\"widget\" data-e-type=\"widget\" data-widget_type=\"text-editor.default\">\n\t\t\t\t<div class=\"elementor-widget-container\">\n\t\t\t\t\t\t\t\t\t<h1>Exploring Color Theory with Blender<\/h1><p><a href=\"https:\/\/www.photo-mark.com\/notes\/color-theory-blender\/\" target=\"_blank\" rel=\"noopener\">https:\/\/www.photo-mark.com\/notes\/color-theory-blender\/<\/a><\/p>\t\t\t\t\t\t\t\t<\/div>\n\t\t\t\t<\/div>\n\t\t\t\t\t<\/div>\n\t\t<\/div>\n\t\t\t\t\t<\/div>\n\t\t<\/section>\n\t\t\t\t<section class=\"elementor-section elementor-top-section elementor-element elementor-element-301bc3c elementor-section-boxed elementor-section-height-default elementor-section-height-default\" data-id=\"301bc3c\" data-element_type=\"section\" data-e-type=\"section\">\n\t\t\t\t\t\t<div class=\"elementor-container elementor-column-gap-default\">\n\t\t\t\t\t<div class=\"elementor-column elementor-col-100 elementor-top-column elementor-element elementor-element-10e1311\" data-id=\"10e1311\" data-element_type=\"column\" data-e-type=\"column\">\n\t\t\t<div class=\"elementor-widget-wrap elementor-element-populated\">\n\t\t\t\t\t\t<div class=\"elementor-element elementor-element-f9c1ddb elementor-widget elementor-widget-text-editor\" data-id=\"f9c1ddb\" data-element_type=\"widget\" data-e-type=\"widget\" data-widget_type=\"text-editor.default\">\n\t\t\t\t<div class=\"elementor-widget-container\">\n\t\t\t\t\t\t\t\t\t<p><strong>Compartimos dos links a sitios donde se muestran trabajos en los que participaron dise\u00f1adores gr\u00e1ficos egresados de la FAUD<\/strong><\/p>\t\t\t\t\t\t\t\t<\/div>\n\t\t\t\t<\/div>\n\t\t\t\t\t<\/div>\n\t\t<\/div>\n\t\t\t\t\t<\/div>\n\t\t<\/section>\n\t\t\t\t<section class=\"elementor-section elementor-top-section elementor-element elementor-element-036d782 elementor-section-boxed elementor-section-height-default elementor-section-height-default\" data-id=\"036d782\" data-element_type=\"section\" data-e-type=\"section\">\n\t\t\t\t\t\t<div class=\"elementor-container elementor-column-gap-default\">\n\t\t\t\t\t<div class=\"elementor-column elementor-col-100 elementor-top-column elementor-element elementor-element-8d7b7e1\" data-id=\"8d7b7e1\" data-element_type=\"column\" data-e-type=\"column\">\n\t\t\t<div class=\"elementor-widget-wrap elementor-element-populated\">\n\t\t\t\t\t\t<div class=\"elementor-element elementor-element-9364543 elementor-widget elementor-widget-text-editor\" data-id=\"9364543\" data-element_type=\"widget\" data-e-type=\"widget\" data-widget_type=\"text-editor.default\">\n\t\t\t\t<div class=\"elementor-widget-container\">\n\t\t\t\t\t\t\t\t\t<p><a href=\"https:\/\/www.domestika.org\/en\/courses\/340-creation-of-animated-short-films-in-3d-for-social-media\" target=\"_blank\" rel=\"noopener\">Dg. Dalmiro Buigues<span style=\"background-color: #f2f2f2; color: #666666; font-family: Consolas, Monaco, 'Lucida Console', monospace; font-size: 16px; font-weight: var( --e-global-typography-text-font-weight );\">\u00a0<\/span><\/a><\/p>\t\t\t\t\t\t\t\t<\/div>\n\t\t\t\t<\/div>\n\t\t\t\t\t<\/div>\n\t\t<\/div>\n\t\t\t\t\t<\/div>\n\t\t<\/section>\n\t\t\t\t<section class=\"elementor-section elementor-top-section elementor-element elementor-element-5732b53 elementor-section-boxed elementor-section-height-default elementor-section-height-default\" data-id=\"5732b53\" data-element_type=\"section\" data-e-type=\"section\">\n\t\t\t\t\t\t<div class=\"elementor-container elementor-column-gap-default\">\n\t\t\t\t\t<div class=\"elementor-column elementor-col-50 elementor-top-column elementor-element elementor-element-9ec9f56\" data-id=\"9ec9f56\" data-element_type=\"column\" data-e-type=\"column\">\n\t\t\t<div class=\"elementor-widget-wrap elementor-element-populated\">\n\t\t\t\t\t\t<div class=\"elementor-element elementor-element-bef1d27 elementor-widget elementor-widget-text-editor\" data-id=\"bef1d27\" data-element_type=\"widget\" data-e-type=\"widget\" data-widget_type=\"text-editor.default\">\n\t\t\t\t<div class=\"elementor-widget-container\">\n\t\t\t\t\t\t\t\t\t<p>DG. Mat\u00edas Santiago (participante en el proyecto)<\/p>\t\t\t\t\t\t\t\t<\/div>\n\t\t\t\t<\/div>\n\t\t\t\t\t<\/div>\n\t\t<\/div>\n\t\t\t\t<div class=\"elementor-column elementor-col-50 elementor-top-column elementor-element elementor-element-241cffd\" data-id=\"241cffd\" data-element_type=\"column\" data-e-type=\"column\">\n\t\t\t<div class=\"elementor-widget-wrap elementor-element-populated\">\n\t\t\t\t\t\t<div class=\"elementor-element elementor-element-a5d6e03 elementor-widget elementor-widget-video\" data-id=\"a5d6e03\" data-element_type=\"widget\" data-e-type=\"widget\" data-settings=\"{&quot;video_type&quot;:&quot;vimeo&quot;}\" data-widget_type=\"video.default\">\n\t\t\t\t<div class=\"elementor-widget-container\">\n\t\t\t\t\t\t\t<div class=\"elementor-wrapper elementor-open-inline\">\n\t\t\t<iframe class=\"elementor-video-iframe\" allowfullscreen allow=\"clipboard-write\" title=\"Reproductor de v\u00eddeo vimeo\" src=\"https:\/\/player.vimeo.com\/video\/297619118?color&amp;autopause=0&amp;loop=0&amp;muted=0&amp;title=1&amp;portrait=1&amp;byline=1#t=\"><\/iframe>\t\t<\/div>\n\t\t\t\t\t\t<\/div>\n\t\t\t\t<\/div>\n\t\t\t\t\t<\/div>\n\t\t<\/div>\n\t\t\t\t\t<\/div>\n\t\t<\/section>\n\t\t\t\t<\/div>\n\t\t","protected":false},"excerpt":{"rendered":"<p>En este apartado incluimos links a sitios en los que puedes ampliar temas que incluye el programa y tambi\u00e9n algunos links a sitios que exponen trabajos de egresados de la&#8230; <a href=\"https:\/\/tecnologiadegraficadigital2.faud.unsj.edu.ar\/?page_id=357\">Leer m\u00e1s &raquo;<\/a><\/p>\n","protected":false},"author":4,"featured_media":0,"parent":0,"menu_order":0,"comment_status":"closed","ping_status":"closed","template":"","meta":{"footnotes":""},"class_list":["post-357","page","type-page","status-publish","hentry"],"_links":{"self":[{"href":"https:\/\/tecnologiadegraficadigital2.faud.unsj.edu.ar\/index.php?rest_route=\/wp\/v2\/pages\/357","targetHints":{"allow":["GET"]}}],"collection":[{"href":"https:\/\/tecnologiadegraficadigital2.faud.unsj.edu.ar\/index.php?rest_route=\/wp\/v2\/pages"}],"about":[{"href":"https:\/\/tecnologiadegraficadigital2.faud.unsj.edu.ar\/index.php?rest_route=\/wp\/v2\/types\/page"}],"author":[{"embeddable":true,"href":"https:\/\/tecnologiadegraficadigital2.faud.unsj.edu.ar\/index.php?rest_route=\/wp\/v2\/users\/4"}],"replies":[{"embeddable":true,"href":"https:\/\/tecnologiadegraficadigital2.faud.unsj.edu.ar\/index.php?rest_route=%2Fwp%2Fv2%2Fcomments&post=357"}],"version-history":[{"count":67,"href":"https:\/\/tecnologiadegraficadigital2.faud.unsj.edu.ar\/index.php?rest_route=\/wp\/v2\/pages\/357\/revisions"}],"predecessor-version":[{"id":11179,"href":"https:\/\/tecnologiadegraficadigital2.faud.unsj.edu.ar\/index.php?rest_route=\/wp\/v2\/pages\/357\/revisions\/11179"}],"wp:attachment":[{"href":"https:\/\/tecnologiadegraficadigital2.faud.unsj.edu.ar\/index.php?rest_route=%2Fwp%2Fv2%2Fmedia&parent=357"}],"curies":[{"name":"wp","href":"https:\/\/api.w.org\/{rel}","templated":true}]}}