{"id":58,"date":"2017-11-29T13:05:03","date_gmt":"2017-11-29T13:05:03","guid":{"rendered":"http:\/\/www.unsj.edu.ar\/unsjVirtual\/\/tecnologiadegraficadigital2\/?page_id=58"},"modified":"2025-08-06T20:41:33","modified_gmt":"2025-08-06T23:41:33","slug":"bibliografia","status":"publish","type":"page","link":"https:\/\/tecnologiadegraficadigital2.faud.unsj.edu.ar\/?page_id=58","title":{"rendered":"bibliograf\u00eda"},"content":{"rendered":"\t\t<div data-elementor-type=\"wp-page\" data-elementor-id=\"58\" class=\"elementor elementor-58\">\n\t\t\t\t\t\t<section class=\"elementor-section elementor-top-section elementor-element elementor-element-190585a elementor-section-boxed elementor-section-height-default elementor-section-height-default\" data-id=\"190585a\" data-element_type=\"section\" data-e-type=\"section\">\n\t\t\t\t\t\t<div class=\"elementor-container elementor-column-gap-default\">\n\t\t\t\t\t<div class=\"elementor-column elementor-col-50 elementor-top-column elementor-element elementor-element-af58c32\" data-id=\"af58c32\" data-element_type=\"column\" data-e-type=\"column\">\n\t\t\t<div class=\"elementor-widget-wrap elementor-element-populated\">\n\t\t\t\t\t\t<div class=\"elementor-element elementor-element-2adf3e4 elementor-widget elementor-widget-image\" data-id=\"2adf3e4\" data-element_type=\"widget\" data-e-type=\"widget\" data-widget_type=\"image.default\">\n\t\t\t\t<div class=\"elementor-widget-container\">\n\t\t\t\t\t\t\t\t\t\t\t\t<figure class=\"wp-caption\">\n\t\t\t\t\t\t\t\t\t\t\t<a href=\"https:\/\/tgd2libroelectronico.faud.unsj.edu.ar\/\" target=\"_blank\">\n\t\t\t\t\t\t\t<img decoding=\"async\" width=\"128\" height=\"159\" src=\"https:\/\/tecnologiadegraficadigital2.faud.unsj.edu.ar\/wp-content\/uploads\/2021\/07\/icono-libro-tgd2.png\" class=\"attachment-large size-large wp-image-3702\" alt=\"\" \/>\t\t\t\t\t\t\t\t<\/a>\n\t\t\t\t\t\t\t\t\t\t\t<figcaption class=\"widget-image-caption wp-caption-text\">Libro electr\u00f3nico TGD2<\/figcaption>\n\t\t\t\t\t\t\t\t\t\t<\/figure>\n\t\t\t\t\t\t\t\t\t<\/div>\n\t\t\t\t<\/div>\n\t\t\t\t\t<\/div>\n\t\t<\/div>\n\t\t\t\t<div class=\"elementor-column elementor-col-50 elementor-top-column elementor-element elementor-element-a4f2a62\" data-id=\"a4f2a62\" data-element_type=\"column\" data-e-type=\"column\">\n\t\t\t<div class=\"elementor-widget-wrap elementor-element-populated\">\n\t\t\t\t\t\t<div class=\"elementor-element elementor-element-c7b2ec9 elementor-widget elementor-widget-text-editor\" data-id=\"c7b2ec9\" data-element_type=\"widget\" data-e-type=\"widget\" data-widget_type=\"text-editor.default\">\n\t\t\t\t<div class=\"elementor-widget-container\">\n\t\t\t\t\t\t\t\t\t<p>La mayor parte de la bibliograf\u00eda consignada en el programa de la asignatura se encuentra disponible en nuestro <a href=\"https:\/\/tgd2libroelectronico.faud.unsj.edu.ar\/\" target=\"_blank\" rel=\"noopener\">libro electr\u00f3nico.<\/a>\u00a0 Se trata de una recopilaci\u00f3n de art\u00edculos mayoritariamente en formato pdf. \u00a0Puedes visualizarlo en l\u00ednea tanto desde una pc conectada como desde un tel\u00e9fono celular.\u00a0<\/p>\t\t\t\t\t\t\t\t<\/div>\n\t\t\t\t<\/div>\n\t\t\t\t\t<\/div>\n\t\t<\/div>\n\t\t\t\t\t<\/div>\n\t\t<\/section>\n\t\t\t\t<section class=\"elementor-section elementor-top-section elementor-element elementor-element-55f639a2 elementor-section-boxed elementor-section-height-default elementor-section-height-default\" data-id=\"55f639a2\" data-element_type=\"section\" data-e-type=\"section\">\n\t\t\t\t\t\t<div class=\"elementor-container elementor-column-gap-default\">\n\t\t\t\t\t<div class=\"elementor-column elementor-col-100 elementor-top-column elementor-element elementor-element-4fdafaed\" data-id=\"4fdafaed\" data-element_type=\"column\" data-e-type=\"column\">\n\t\t\t<div class=\"elementor-widget-wrap elementor-element-populated\">\n\t\t\t\t\t\t<div class=\"elementor-element elementor-element-5a3834e5 elementor-widget-divider--separator-type-pattern elementor-widget-divider--no-spacing elementor-widget-divider--view-line elementor-widget elementor-widget-divider\" data-id=\"5a3834e5\" data-element_type=\"widget\" data-e-type=\"widget\" data-widget_type=\"divider.default\">\n\t\t\t\t<div class=\"elementor-widget-container\">\n\t\t\t\t\t\t\t<div class=\"elementor-divider\" style=\"--divider-pattern-url: url(&quot;data:image\/svg+xml,%3Csvg xmlns=&#039;http:\/\/www.w3.org\/2000\/svg&#039; preserveAspectRatio=&#039;xMidYMid meet&#039; overflow=&#039;visible&#039; height=&#039;100%&#039; viewBox=&#039;0 0 126 26&#039; fill=&#039;black&#039; stroke=&#039;none&#039;%3E%3Cpath d=&#039;M46.8,7.8v11.5L36,18.6V7.8H46.8z M82.4,7.8L84,18.6l-12,0.7L70.4,7.8H82.4z M0,7.8l12,0.9v9.9H1.3L0,7.8z M30,7.8v10.8H19L18,7.8H30z M63.7,7.8L66,18.6H54V9.5L63.7,7.8z M89.8,7L102,7.8v10.8H91.2L89.8,7zM108,7.8l12,0.9v8.9l-12,1V7.8z&#039;\/%3E%3C\/svg%3E&quot;);\">\n\t\t\t<span class=\"elementor-divider-separator\">\n\t\t\t\t\t\t<\/span>\n\t\t<\/div>\n\t\t\t\t\t\t<\/div>\n\t\t\t\t<\/div>\n\t\t\t\t\t<\/div>\n\t\t<\/div>\n\t\t\t\t\t<\/div>\n\t\t<\/section>\n\t\t\t\t<section class=\"elementor-section elementor-top-section elementor-element elementor-element-8f463b3 elementor-section-boxed elementor-section-height-default elementor-section-height-default\" data-id=\"8f463b3\" data-element_type=\"section\" data-e-type=\"section\">\n\t\t\t\t\t\t<div class=\"elementor-container elementor-column-gap-default\">\n\t\t\t\t\t<div class=\"elementor-column elementor-col-100 elementor-top-column elementor-element elementor-element-a2ba675\" data-id=\"a2ba675\" data-element_type=\"column\" data-e-type=\"column\">\n\t\t\t<div class=\"elementor-widget-wrap elementor-element-populated\">\n\t\t\t\t\t\t<div class=\"elementor-element elementor-element-e53a199 elementor-widget elementor-widget-heading\" data-id=\"e53a199\" data-element_type=\"widget\" data-e-type=\"widget\" data-widget_type=\"heading.default\">\n\t\t\t\t<div class=\"elementor-widget-container\">\n\t\t\t\t\t<h2 class=\"elementor-heading-title elementor-size-default\">Descargas<\/h2>\t\t\t\t<\/div>\n\t\t\t\t<\/div>\n\t\t\t\t\t<\/div>\n\t\t<\/div>\n\t\t\t\t\t<\/div>\n\t\t<\/section>\n\t\t\t\t<section class=\"elementor-section elementor-top-section elementor-element elementor-element-b6d445a elementor-section-boxed elementor-section-height-default elementor-section-height-default\" data-id=\"b6d445a\" data-element_type=\"section\" data-e-type=\"section\">\n\t\t\t\t\t\t<div class=\"elementor-container elementor-column-gap-default\">\n\t\t\t\t\t<div class=\"elementor-column elementor-col-50 elementor-top-column elementor-element elementor-element-aac62f2\" data-id=\"aac62f2\" data-element_type=\"column\" data-e-type=\"column\">\n\t\t\t<div class=\"elementor-widget-wrap elementor-element-populated\">\n\t\t\t\t\t\t<div class=\"elementor-element elementor-element-f7c7acc elementor-widget elementor-widget-image\" data-id=\"f7c7acc\" data-element_type=\"widget\" data-e-type=\"widget\" data-widget_type=\"image.default\">\n\t\t\t\t<div class=\"elementor-widget-container\">\n\t\t\t\t\t\t\t\t\t\t\t\t\t\t\t\t<a href=\"https:\/\/nextcloud.unsj.edu.ar\/index.php\/s\/grGbdYySJ7jM4o7\" target=\"_blank\">\n\t\t\t\t\t\t\t<img decoding=\"async\" width=\"150\" height=\"150\" src=\"https:\/\/tecnologiadegraficadigital2.faud.unsj.edu.ar\/wp-content\/uploads\/2021\/07\/ETIQUETA-power.png\" class=\"attachment-large size-large wp-image-3697\" alt=\"\" srcset=\"https:\/\/tecnologiadegraficadigital2.faud.unsj.edu.ar\/wp-content\/uploads\/2021\/07\/ETIQUETA-power.png 150w, https:\/\/tecnologiadegraficadigital2.faud.unsj.edu.ar\/wp-content\/uploads\/2021\/07\/ETIQUETA-power-60x60.png 60w\" sizes=\"(max-width: 150px) 100vw, 150px\" \/>\t\t\t\t\t\t\t\t<\/a>\n\t\t\t\t\t\t\t\t\t\t\t\t\t\t\t<\/div>\n\t\t\t\t<\/div>\n\t\t\t\t\t<\/div>\n\t\t<\/div>\n\t\t\t\t<div class=\"elementor-column elementor-col-50 elementor-top-column elementor-element elementor-element-3a09c04\" data-id=\"3a09c04\" data-element_type=\"column\" data-e-type=\"column\">\n\t\t\t<div class=\"elementor-widget-wrap elementor-element-populated\">\n\t\t\t\t\t\t<div class=\"elementor-element elementor-element-255b16a elementor-widget elementor-widget-text-editor\" data-id=\"255b16a\" data-element_type=\"widget\" data-e-type=\"widget\" data-widget_type=\"text-editor.default\">\n\t\t\t\t<div class=\"elementor-widget-container\">\n\t\t\t\t\t\t\t\t\t<p>Haciendo click sobre el gr\u00e1fico puedes descargar la <strong>multimedia \u201cPrimera Impresi\u00f3n<\/strong>\u201d. Guard\u00e1 todo en una carpeta de tu disco r\u00edgido. No necesit\u00e1s instalarla, solo hac\u00e9 doble click sobre el archivo .exe para ejecutarlo.\u00a0<\/p>\t\t\t\t\t\t\t\t<\/div>\n\t\t\t\t<\/div>\n\t\t\t\t\t<\/div>\n\t\t<\/div>\n\t\t\t\t\t<\/div>\n\t\t<\/section>\n\t\t\t\t<\/div>\n\t\t","protected":false},"excerpt":{"rendered":"<p>Libro electr\u00f3nico TGD2 La mayor parte de la bibliograf\u00eda consignada en el programa de la asignatura se encuentra disponible en nuestro libro electr\u00f3nico.\u00a0 Se trata de una recopilaci\u00f3n de art\u00edculos&#8230; <a href=\"https:\/\/tecnologiadegraficadigital2.faud.unsj.edu.ar\/?page_id=58\">Leer m\u00e1s &raquo;<\/a><\/p>\n","protected":false},"author":4,"featured_media":0,"parent":0,"menu_order":0,"comment_status":"closed","ping_status":"closed","template":"","meta":{"footnotes":""},"class_list":["post-58","page","type-page","status-publish","hentry"],"_links":{"self":[{"href":"https:\/\/tecnologiadegraficadigital2.faud.unsj.edu.ar\/index.php?rest_route=\/wp\/v2\/pages\/58","targetHints":{"allow":["GET"]}}],"collection":[{"href":"https:\/\/tecnologiadegraficadigital2.faud.unsj.edu.ar\/index.php?rest_route=\/wp\/v2\/pages"}],"about":[{"href":"https:\/\/tecnologiadegraficadigital2.faud.unsj.edu.ar\/index.php?rest_route=\/wp\/v2\/types\/page"}],"author":[{"embeddable":true,"href":"https:\/\/tecnologiadegraficadigital2.faud.unsj.edu.ar\/index.php?rest_route=\/wp\/v2\/users\/4"}],"replies":[{"embeddable":true,"href":"https:\/\/tecnologiadegraficadigital2.faud.unsj.edu.ar\/index.php?rest_route=%2Fwp%2Fv2%2Fcomments&post=58"}],"version-history":[{"count":67,"href":"https:\/\/tecnologiadegraficadigital2.faud.unsj.edu.ar\/index.php?rest_route=\/wp\/v2\/pages\/58\/revisions"}],"predecessor-version":[{"id":13829,"href":"https:\/\/tecnologiadegraficadigital2.faud.unsj.edu.ar\/index.php?rest_route=\/wp\/v2\/pages\/58\/revisions\/13829"}],"wp:attachment":[{"href":"https:\/\/tecnologiadegraficadigital2.faud.unsj.edu.ar\/index.php?rest_route=%2Fwp%2Fv2%2Fmedia&parent=58"}],"curies":[{"name":"wp","href":"https:\/\/api.w.org\/{rel}","templated":true}]}}